{"id":132,"date":"2023-05-10T10:45:15","date_gmt":"2023-05-10T10:45:15","guid":{"rendered":"https:\/\/korecontact.com\/?page_id=132"},"modified":"2023-05-12T10:48:56","modified_gmt":"2023-05-12T10:48:56","slug":"aviso-legal","status":"publish","type":"page","link":"https:\/\/korecontact.com\/?page_id=132","title":{"rendered":"Aviso legal"},"content":{"rendered":"\t\t<div data-elementor-type=\"wp-page\" data-elementor-id=\"132\" class=\"elementor elementor-132\">\n\t\t\t\t\t\t\t<div class=\"elementor-element elementor-element-8798e2c e-con-boxed e-flex e-con\" data-id=\"8798e2c\" data-element_type=\"container\" data-settings=\"{&quot;content_width&quot;:&quot;boxed&quot;}\">\n\t\t\t\t\t<div class=\"e-con-inner\">\n\t\t<div class=\"elementor-element elementor-element-d6facad e-con-full e-flex e-con\" data-id=\"d6facad\" data-element_type=\"container\" data-settings=\"{&quot;content_width&quot;:&quot;full&quot;}\">\n\t\t\t\t<div class=\"elementor-element elementor-element-d52fe39 elementor-widget elementor-widget-heading\" data-id=\"d52fe39\" data-element_type=\"widget\" data-widget_type=\"heading.default\">\n\t\t\t\t<div class=\"elementor-widget-container\">\n\t\t\t<style>\/*! elementor - v3.13.3 - 28-05-2023 *\/\n.elementor-heading-title{padding:0;margin:0;line-height:1}.elementor-widget-heading .elementor-heading-title[class*=elementor-size-]>a{color:inherit;font-size:inherit;line-height:inherit}.elementor-widget-heading .elementor-heading-title.elementor-size-small{font-size:15px}.elementor-widget-heading .elementor-heading-title.elementor-size-medium{font-size:19px}.elementor-widget-heading .elementor-heading-title.elementor-size-large{font-size:29px}.elementor-widget-heading .elementor-heading-title.elementor-size-xl{font-size:39px}.elementor-widget-heading .elementor-heading-title.elementor-size-xxl{font-size:59px}<\/style><h1 class=\"elementor-heading-title elementor-size-default\">Aviso legal<\/h1>\t\t<\/div>\n\t\t\t\t<\/div>\n\t\t\t\t<div class=\"elementor-element elementor-element-a05e735 elementor-widget elementor-widget-text-editor\" data-id=\"a05e735\" data-element_type=\"widget\" data-widget_type=\"text-editor.default\">\n\t\t\t\t<div class=\"elementor-widget-container\">\n\t\t\t<style>\/*! elementor - v3.13.3 - 28-05-2023 *\/\n.elementor-widget-text-editor.elementor-drop-cap-view-stacked .elementor-drop-cap{background-color:#69727d;color:#fff}.elementor-widget-text-editor.elementor-drop-cap-view-framed .elementor-drop-cap{color:#69727d;border:3px solid;background-color:transparent}.elementor-widget-text-editor:not(.elementor-drop-cap-view-default) .elementor-drop-cap{margin-top:8px}.elementor-widget-text-editor:not(.elementor-drop-cap-view-default) .elementor-drop-cap-letter{width:1em;height:1em}.elementor-widget-text-editor .elementor-drop-cap{float:left;text-align:center;line-height:1;font-size:50px}.elementor-widget-text-editor .elementor-drop-cap-letter{display:inline-block}<\/style>\t\t\t\t<p>En cumplimiento con el deber de informaci\u00f3n recogido en art\u00edculo 10 de la Ley 34\/2002, de 11 de julio, de Servicios de la Sociedad de la Informaci\u00f3n y del Comercio Electr\u00f3nico (LSSICE), el propietario de la web www.korecontact.com, le informa de lo siguiente:<\/p><ul><li>Denominaci\u00f3n social: KORECONTACT, S.L.<\/li><li>NIF: B90326075<\/li><li>Domicilio: C\/Nobel 7, planta 2, oficina 1, 41927 &#8211; Mairena del Aljarafe (Sevilla)<\/li><li>Inscrita en el Registro Mercantil de SEVILLA al Tomo 6382, folio 84, secci\u00f3n General de, hoja n\u00famero SE-113952, inscripci\u00f3n 1.<\/li><\/ul><p>Con los l\u00edmites establecidos en la ley, www.korecontact.com no asume ninguna responsabilidad derivada de la falta de veracidad, integridad, actualizaci\u00f3n y precisi\u00f3n de los datos o informaciones que se contienen en sus p\u00e1ginas de<br \/>Internet.<\/p><p>Los contenidos e informaci\u00f3n no vinculan a www.korecontact.com ni constituyen opiniones, consejos o asesoramiento legal de ning\u00fan tipo pues se trata meramente de un servicio ofrecido con car\u00e1cter informativo y divulgativo.<\/p><p>Las p\u00e1ginas de Internet de www.korecontact.com pueden contener enlaces (links) a otras p\u00e1ginas de terceras partes que www.korecontact.com no puede controlar. Por lo tanto, www.korecontact.com no puede asumir responsabilidades por el contenido que pueda aparecer en p\u00e1ginas de terceros.<\/p><p>Los textos, im\u00e1genes, sonidos, animaciones, software y el resto de contenidos incluidos en este website son propiedad exclusiva de www.korecontact.com o sus licenciantes. Cualquier acto de transmisi\u00f3n, distribuci\u00f3n, cesi\u00f3n, reproducci\u00f3n, almacenamiento o comunicaci\u00f3n p\u00fablica total o parcial, debe contar con el consentimiento expreso de www.korecontact.com.<\/p><p>Asimismo, para acceder a algunos de los servicios que www.korecontact.com ofrece a trav\u00e9s del website deber\u00e1 proporcionar algunos datos de car\u00e1cter personal.\u00a0<\/p><p>En cumplimiento de lo establecido en el Reglamento (UE) 2016\/679 del Parlamento Europeo y del Consejo, de 27 de abril de 2016, relativo a la protecci\u00f3n de las personas f\u00edsicas en lo que respecta al tratamiento de datos personales y a la libre circulaci\u00f3n de estos datos le informamos que, mediante la cumplimentaci\u00f3n de los presentes formularios, sus datos personales quedar\u00e1n incorporados y ser\u00e1n tratados en los\u00a0ficheros de KORECONTACT, S.L. con el fin de poderle prestar y ofrecer nuestros servicios as\u00ed como para informarle de las mejoras del sitio Web.\u00a0<\/p><p>Asimismo, le informamos de la posibilidad de que ejerza los derechos de acceso, rectificaci\u00f3n, cancelaci\u00f3n y oposici\u00f3n de sus datos de car\u00e1cter personal, manera gratuita mediante email a info@korecontact.es o en la direcci\u00f3n C\/Nobel 7, planta 2, oficina 1, 41927 &#8211; Mairena del Aljarafe (Sevilla).<\/p>\t\t\t\t\t\t<\/div>\n\t\t\t\t<\/div>\n\t\t\t\t<\/div>\n\t\t\t\t\t<\/div>\n\t\t\t\t<\/div>\n\t\t\t\t\t\t\t<\/div>\n\t\t","protected":false},"excerpt":{"rendered":"<p>En cumplimiento con el deber de informaci\u00f3n recogido en art\u00edculo 10 de la Ley 34\/2002, de 11 de julio, de Servicios de la Sociedad de la Informaci\u00f3n y del Comercio Electr\u00f3nico (LSSICE), el propietario de la web www.korecontact.com, le informa de lo siguiente: Denominaci\u00f3n social: KORECONTACT, S.L. NIF: B90326075 Domicilio: C\/Nobel 7, planta 2, oficina &#8230; <a title=\"Aviso legal\" class=\"read-more\" href=\"https:\/\/korecontact.com\/?page_id=132\" aria-label=\"M\u00e1s en Aviso legal\">Leer m\u00e1s<\/a><\/p>\n","protected":false},"author":1,"featured_media":0,"parent":0,"menu_order":0,"comment_status":"closed","ping_status":"closed","template":"","meta":{"inline_featured_image":false,"footnotes":""},"class_list":["post-132","page","type-page","status-publish"],"_links":{"self":[{"href":"https:\/\/korecontact.com\/index.php?rest_route=\/wp\/v2\/pages\/132","targetHints":{"allow":["GET"]}}],"collection":[{"href":"https:\/\/korecontact.com\/index.php?rest_route=\/wp\/v2\/pages"}],"about":[{"href":"https:\/\/korecontact.com\/index.php?rest_route=\/wp\/v2\/types\/page"}],"author":[{"embeddable":true,"href":"https:\/\/korecontact.com\/index.php?rest_route=\/wp\/v2\/users\/1"}],"replies":[{"embeddable":true,"href":"https:\/\/korecontact.com\/index.php?rest_route=%2Fwp%2Fv2%2Fcomments&post=132"}],"version-history":[{"count":17,"href":"https:\/\/korecontact.com\/index.php?rest_route=\/wp\/v2\/pages\/132\/revisions"}],"predecessor-version":[{"id":486,"href":"https:\/\/korecontact.com\/index.php?rest_route=\/wp\/v2\/pages\/132\/revisions\/486"}],"wp:attachment":[{"href":"https:\/\/korecontact.com\/index.php?rest_route=%2Fwp%2Fv2%2Fmedia&parent=132"}],"curies":[{"name":"wp","href":"https:\/\/api.w.org\/{rel}","templated":true}]}}